{"id":11844,"date":"2019-04-30T21:10:57","date_gmt":"2019-04-30T19:10:57","guid":{"rendered":"http:\/\/buyphone.be\/a-propos\/"},"modified":"2020-06-03T23:27:34","modified_gmt":"2020-06-03T21:27:34","slug":"over-ons","status":"publish","type":"page","link":"https:\/\/buyphone.be\/nl\/over-ons\/","title":{"rendered":"Over ons"},"content":{"rendered":"\n<div class=\"container section-title-container\" ><h1 class=\"section-title section-title-center\"><b aria-hidden=\"true\"><\/b><span class=\"section-title-main\" >Over buyphone<\/span><b aria-hidden=\"true\"><\/b><\/h1><\/div>\n\n<div class=\"row\"  id=\"row-851316909\">\n\n\n\t<div id=\"col-840034301\" class=\"col small-12 large-12\"  >\n\t\t\t\t<div class=\"col-inner text-center\"  >\n\t\t\t\n\t\t\t\n\n\t<div class=\"img has-hover x md-x lg-x y md-y lg-y\" id=\"image_1361087732\">\n\t\t\t\t\t\t<div data-animate=\"fadeInDown\">\t\t<div class=\"img-inner image-cover dark\" style=\"padding-top:100%;\">\n\t\t\t<img loading=\"lazy\" decoding=\"async\" width=\"600\" height=\"600\" src=\"https:\/\/buyphone.be\/wp-content\/uploads\/2019\/05\/a-propos.png\" class=\"attachment-large size-large\" alt=\"\" srcset=\"https:\/\/buyphone.be\/wp-content\/uploads\/2019\/05\/a-propos.png 600w, https:\/\/buyphone.be\/wp-content\/uploads\/2019\/05\/a-propos-100x100.png 100w, https:\/\/buyphone.be\/wp-content\/uploads\/2019\/05\/a-propos-510x510.png 510w, https:\/\/buyphone.be\/wp-content\/uploads\/2019\/05\/a-propos-150x150.png 150w, https:\/\/buyphone.be\/wp-content\/uploads\/2019\/05\/a-propos-300x300.png 300w, https:\/\/buyphone.be\/wp-content\/uploads\/2019\/05\/a-propos-40x40.png 40w, https:\/\/buyphone.be\/wp-content\/uploads\/2019\/05\/a-propos-500x500.png 500w\" sizes=\"auto, (max-width: 600px) 100vw, 600px\" \/>\t\t\t\t\t\t\n\t\t\t\t\t<\/div>\n\t\t<\/div>\t\t\t\t\t\t\n<style>\n#image_1361087732 {\n  width: 50%;\n}\n<\/style>\n\t<\/div>\n\t\n\n\n\t\t<\/div>\n\t\t\t\t\t<\/div>\n\n\t\n\n\t<div id=\"col-444816369\" class=\"col small-12 large-12\"  data-animate=\"fadeInUp\">\n\t\t\t\t<div class=\"col-inner\"  >\n\t\t\t\n\t\t\t\n\n<p>buyphone is een Belgische site gespecialiseerd in de marketing van onderdelen voor smartphones, tablets en digitale apparaten.<\/p>\n<p>Wij bieden onze klanten de eerste kwaliteit in Europa en onklopbare prijzen voor onderdelen en accessoires.<\/p>\n<p>De in Luik gevestigde buyphone heeft als doel om op een betaalbare en originele manier te voldoen aan de behoeften die ontstaan door het gebruik van nieuwe technologie\u00ebn.<\/p>\n<p>buyphone is ook een partner voor pick-up in de winkel met Hi-Tech Home in Verviers. Hi-Tech Home is het eerste netwerk van smartphone- en tabletreparateurs.<br \/>Elke reparatie wordt streng gecontroleerd en gecertificeerd, waardoor wij garantie kunnen bieden op alle reparaties.<\/p>\n<p>Kwaliteit, snelheid en eenvoud zijn de sleutelwoorden van ons bedrijf om het dagelijks leven van alle technologieliefhebbers te vergemakkelijken.<\/p>\n<p>Onze producten voldoen aan de in de Europese Gemeenschap geldende normen.<\/p>\n\n\t\t<\/div>\n\t\t\t\t\t<\/div>\n\n\t\n\n<\/div>\n\n","protected":false},"excerpt":{"rendered":"","protected":false},"author":1,"featured_media":0,"parent":0,"menu_order":0,"comment_status":"closed","ping_status":"closed","template":"","meta":{"footnotes":""},"class_list":["post-11844","page","type-page","status-publish","hentry"],"yoast_head":"<!-- This site is optimized with the Yoast SEO plugin v27.6 - https:\/\/yoast.com\/product\/yoast-seo-wordpress\/ -->\n<title>Over ons - buyphone<\/title>\n<meta name=\"description\" content=\"buyphone est un site belge sp\u00e9cialis\u00e9 dans la commercialisation de pi\u00e8ces pour smartphones, tablettes et appareils num\u00e9riques.Nous proposons \u00e0 nos clients la premi\u00e8re qualit\u00e9 en Europe et des prix imbattables pour les pi\u00e8ces d\u00e9tach\u00e9es et accessoires.\" \/>\n<meta name=\"robots\" content=\"index, follow, max-snippet:-1, max-image-preview:large, max-video-preview:-1\" \/>\n<link rel=\"canonical\" href=\"https:\/\/buyphone.be\/nl\/over-ons\/\" \/>\n<meta property=\"og:locale\" content=\"nl_NL\" \/>\n<meta property=\"og:type\" content=\"article\" \/>\n<meta property=\"og:title\" content=\"Over ons - buyphone\" \/>\n<meta property=\"og:description\" content=\"buyphone est un site belge sp\u00e9cialis\u00e9 dans la commercialisation de pi\u00e8ces pour smartphones, tablettes et appareils num\u00e9riques.Nous proposons \u00e0 nos clients la premi\u00e8re qualit\u00e9 en Europe et des prix imbattables pour les pi\u00e8ces d\u00e9tach\u00e9es et accessoires.\" \/>\n<meta property=\"og:url\" content=\"https:\/\/buyphone.be\/nl\/over-ons\/\" \/>\n<meta property=\"og:site_name\" content=\"buyphone\" \/>\n<meta property=\"article:modified_time\" content=\"2020-06-03T21:27:34+00:00\" \/>\n<meta name=\"twitter:card\" content=\"summary_large_image\" \/>\n<meta name=\"twitter:label1\" content=\"Geschatte leestijd\" \/>\n\t<meta name=\"twitter:data1\" content=\"1 minuut\" \/>\n<script type=\"application\/ld+json\" class=\"yoast-schema-graph\">{\"@context\":\"https:\\\/\\\/schema.org\",\"@graph\":[{\"@type\":\"WebPage\",\"@id\":\"https:\\\/\\\/buyphone.be\\\/nl\\\/over-ons\\\/\",\"url\":\"https:\\\/\\\/buyphone.be\\\/nl\\\/over-ons\\\/\",\"name\":\"Over ons - buyphone\",\"isPartOf\":{\"@id\":\"https:\\\/\\\/buyphone.be\\\/nl\\\/#website\"},\"datePublished\":\"2019-04-30T19:10:57+00:00\",\"dateModified\":\"2020-06-03T21:27:34+00:00\",\"description\":\"buyphone est un site belge sp\u00e9cialis\u00e9 dans la commercialisation de pi\u00e8ces pour smartphones, tablettes et appareils num\u00e9riques.Nous proposons \u00e0 nos clients la premi\u00e8re qualit\u00e9 en Europe et des prix imbattables pour les pi\u00e8ces d\u00e9tach\u00e9es et accessoires.\",\"breadcrumb\":{\"@id\":\"https:\\\/\\\/buyphone.be\\\/nl\\\/over-ons\\\/#breadcrumb\"},\"inLanguage\":\"nl-NL\",\"potentialAction\":[{\"@type\":\"ReadAction\",\"target\":[\"https:\\\/\\\/buyphone.be\\\/nl\\\/over-ons\\\/\"]}]},{\"@type\":\"BreadcrumbList\",\"@id\":\"https:\\\/\\\/buyphone.be\\\/nl\\\/over-ons\\\/#breadcrumb\",\"itemListElement\":[{\"@type\":\"ListItem\",\"position\":1,\"name\":\"Accueil\",\"item\":\"https:\\\/\\\/buyphone.be\\\/nl\\\/\"},{\"@type\":\"ListItem\",\"position\":2,\"name\":\"Over ons\"}]},{\"@type\":\"WebSite\",\"@id\":\"https:\\\/\\\/buyphone.be\\\/nl\\\/#website\",\"url\":\"https:\\\/\\\/buyphone.be\\\/nl\\\/\",\"name\":\"buyphone\",\"description\":\"\",\"potentialAction\":[{\"@type\":\"SearchAction\",\"target\":{\"@type\":\"EntryPoint\",\"urlTemplate\":\"https:\\\/\\\/buyphone.be\\\/nl\\\/?s={search_term_string}\"},\"query-input\":{\"@type\":\"PropertyValueSpecification\",\"valueRequired\":true,\"valueName\":\"search_term_string\"}}],\"inLanguage\":\"nl-NL\"}]}<\/script>\n<!-- \/ Yoast SEO plugin. -->","yoast_head_json":{"title":"Over ons - buyphone","description":"buyphone est un site belge sp\u00e9cialis\u00e9 dans la commercialisation de pi\u00e8ces pour smartphones, tablettes et appareils num\u00e9riques.Nous proposons \u00e0 nos clients la premi\u00e8re qualit\u00e9 en Europe et des prix imbattables pour les pi\u00e8ces d\u00e9tach\u00e9es et accessoires.","robots":{"index":"index","follow":"follow","max-snippet":"max-snippet:-1","max-image-preview":"max-image-preview:large","max-video-preview":"max-video-preview:-1"},"canonical":"https:\/\/buyphone.be\/nl\/over-ons\/","og_locale":"nl_NL","og_type":"article","og_title":"Over ons - buyphone","og_description":"buyphone est un site belge sp\u00e9cialis\u00e9 dans la commercialisation de pi\u00e8ces pour smartphones, tablettes et appareils num\u00e9riques.Nous proposons \u00e0 nos clients la premi\u00e8re qualit\u00e9 en Europe et des prix imbattables pour les pi\u00e8ces d\u00e9tach\u00e9es et accessoires.","og_url":"https:\/\/buyphone.be\/nl\/over-ons\/","og_site_name":"buyphone","article_modified_time":"2020-06-03T21:27:34+00:00","twitter_card":"summary_large_image","twitter_misc":{"Geschatte leestijd":"1 minuut"},"schema":{"@context":"https:\/\/schema.org","@graph":[{"@type":"WebPage","@id":"https:\/\/buyphone.be\/nl\/over-ons\/","url":"https:\/\/buyphone.be\/nl\/over-ons\/","name":"Over ons - buyphone","isPartOf":{"@id":"https:\/\/buyphone.be\/nl\/#website"},"datePublished":"2019-04-30T19:10:57+00:00","dateModified":"2020-06-03T21:27:34+00:00","description":"buyphone est un site belge sp\u00e9cialis\u00e9 dans la commercialisation de pi\u00e8ces pour smartphones, tablettes et appareils num\u00e9riques.Nous proposons \u00e0 nos clients la premi\u00e8re qualit\u00e9 en Europe et des prix imbattables pour les pi\u00e8ces d\u00e9tach\u00e9es et accessoires.","breadcrumb":{"@id":"https:\/\/buyphone.be\/nl\/over-ons\/#breadcrumb"},"inLanguage":"nl-NL","potentialAction":[{"@type":"ReadAction","target":["https:\/\/buyphone.be\/nl\/over-ons\/"]}]},{"@type":"BreadcrumbList","@id":"https:\/\/buyphone.be\/nl\/over-ons\/#breadcrumb","itemListElement":[{"@type":"ListItem","position":1,"name":"Accueil","item":"https:\/\/buyphone.be\/nl\/"},{"@type":"ListItem","position":2,"name":"Over ons"}]},{"@type":"WebSite","@id":"https:\/\/buyphone.be\/nl\/#website","url":"https:\/\/buyphone.be\/nl\/","name":"buyphone","description":"","potentialAction":[{"@type":"SearchAction","target":{"@type":"EntryPoint","urlTemplate":"https:\/\/buyphone.be\/nl\/?s={search_term_string}"},"query-input":{"@type":"PropertyValueSpecification","valueRequired":true,"valueName":"search_term_string"}}],"inLanguage":"nl-NL"}]}},"_links":{"self":[{"href":"https:\/\/buyphone.be\/nl\/wp-json\/wp\/v2\/pages\/11844","targetHints":{"allow":["GET"]}}],"collection":[{"href":"https:\/\/buyphone.be\/nl\/wp-json\/wp\/v2\/pages"}],"about":[{"href":"https:\/\/buyphone.be\/nl\/wp-json\/wp\/v2\/types\/page"}],"author":[{"embeddable":true,"href":"https:\/\/buyphone.be\/nl\/wp-json\/wp\/v2\/users\/1"}],"replies":[{"embeddable":true,"href":"https:\/\/buyphone.be\/nl\/wp-json\/wp\/v2\/comments?post=11844"}],"version-history":[{"count":0,"href":"https:\/\/buyphone.be\/nl\/wp-json\/wp\/v2\/pages\/11844\/revisions"}],"wp:attachment":[{"href":"https:\/\/buyphone.be\/nl\/wp-json\/wp\/v2\/media?parent=11844"}],"curies":[{"name":"wp","href":"https:\/\/api.w.org\/{rel}","templated":true}]}}