{"id":12976,"date":"2020-07-08T00:56:19","date_gmt":"2020-07-07T22:56:19","guid":{"rendered":"http:\/\/buyphone.be\/shop\/niet-gecategoriseerd\/cable-lightning-vers-usb\/"},"modified":"2020-07-12T16:17:00","modified_gmt":"2020-07-12T14:17:00","slug":"lightning-naar-usb-kabe","status":"publish","type":"product","link":"https:\/\/buyphone.be\/nl\/produit\/lightning-naar-usb-kabe\/","title":{"rendered":"Lightning naar USB kabel (1 m)"},"content":{"rendered":"<p>De nieuwe iPhone 5 en de iPod Touch en iPod Nano zijn uitgerust met een nieuwe, compactere Lightning-connector, die de nieuwe Apple-gadgets dunner en lichter maakt. Het is ook handiger omdat er geen verschil is in de richting van het inbrengen in de connector van de telefoon. De juiste kabel is inbegrepen bij een aankoop van een iPhone, maar elke eigenaar van een Apple gadget kan bevestigen dat \u00e9\u00e9n kabel vaak onvoldoende is en het is veel handiger om meerdere kabels te hebben, bijvoorbeeld om er \u00e9\u00e9n permanent in de auto te houden om het apparaat op te laden en de tweede thuis te gebruiken om te synchroniseren en op te laden. Wij raden u aan de originele Apple Lightning to USB-kabel aan te schaffen, die absoluut identiek is aan de kabel die met de nieuwe iPhones wordt meegeleverd.<\/p>\n","protected":false},"excerpt":{"rendered":"<div class=\"table-responsive\">\n<p><strong>Bij buyphone bieden wij 2 mogelijke kwaliteiten aan:<\/strong><\/p>\n<p><strong>ORIGINEEL:<\/strong> Offici\u00eble accessoire van Apple.<\/p>\n<p><strong>OEM:<\/strong> Officieel accessoire, geen verpakking.<\/p>\n<p><strong>Connectoren:<\/strong><br \/>\nUSB aan Lightning<br \/>\n<strong>Lengte:<\/strong><br \/>\n1m<\/p>\n<\/div>\n","protected":false},"featured_media":12970,"template":"","meta":[],"product_brand":[],"product_cat":[252],"product_tag":[],"class_list":{"0":"post-12976","1":"product","2":"type-product","3":"status-publish","4":"has-post-thumbnail","6":"product_cat-accessoires-nl","8":"first","9":"instock","10":"shipping-taxable","11":"purchasable","12":"product-type-variable"},"yoast_head":"<!-- This site is optimized with the Yoast SEO plugin v27.6 - https:\/\/yoast.com\/product\/yoast-seo-wordpress\/ -->\n<title>Lightning naar USB kabel (1 m) - buyphone<\/title>\n<meta name=\"description\" content=\"Wij raden u aan de originele Apple Lightning to USB-kabel te kopen, die absoluut identiek is aan de kabel die met de nieuwe apparaten wordt meegeleverd.\" \/>\n<meta name=\"robots\" content=\"index, follow, max-snippet:-1, max-image-preview:large, max-video-preview:-1\" \/>\n<link rel=\"canonical\" href=\"https:\/\/buyphone.be\/nl\/produit\/lightning-naar-usb-kabe\/\" \/>\n<meta property=\"og:locale\" content=\"nl_NL\" \/>\n<meta property=\"og:type\" content=\"article\" \/>\n<meta property=\"og:title\" content=\"Lightning naar USB kabel (1 m) - buyphone\" \/>\n<meta property=\"og:description\" content=\"Wij raden u aan de originele Apple Lightning to USB-kabel te kopen, die absoluut identiek is aan de kabel die met de nieuwe apparaten wordt meegeleverd.\" \/>\n<meta property=\"og:url\" content=\"https:\/\/buyphone.be\/nl\/produit\/lightning-naar-usb-kabe\/\" \/>\n<meta property=\"og:site_name\" content=\"buyphone\" \/>\n<meta property=\"article:modified_time\" content=\"2020-07-12T14:17:00+00:00\" \/>\n<meta property=\"og:image\" content=\"https:\/\/buyphone.be\/wp-content\/uploads\/2020\/07\/C\u00e2ble-Lightning-vers-USB-1-m-1.jpg\" \/>\n\t<meta property=\"og:image:width\" content=\"1000\" \/>\n\t<meta property=\"og:image:height\" content=\"1000\" \/>\n\t<meta property=\"og:image:type\" content=\"image\/jpeg\" \/>\n<meta name=\"twitter:card\" content=\"summary_large_image\" \/>\n<meta name=\"twitter:label1\" content=\"Geschatte leestijd\" \/>\n\t<meta name=\"twitter:data1\" content=\"1 minuut\" \/>\n<script type=\"application\/ld+json\" class=\"yoast-schema-graph\">{\"@context\":\"https:\\\/\\\/schema.org\",\"@graph\":[{\"@type\":\"WebPage\",\"@id\":\"https:\\\/\\\/buyphone.be\\\/nl\\\/produit\\\/lightning-naar-usb-kabe\\\/\",\"url\":\"https:\\\/\\\/buyphone.be\\\/nl\\\/produit\\\/lightning-naar-usb-kabe\\\/\",\"name\":\"Lightning naar USB kabel (1 m) - buyphone\",\"isPartOf\":{\"@id\":\"https:\\\/\\\/buyphone.be\\\/nl\\\/#website\"},\"primaryImageOfPage\":{\"@id\":\"https:\\\/\\\/buyphone.be\\\/nl\\\/produit\\\/lightning-naar-usb-kabe\\\/#primaryimage\"},\"image\":{\"@id\":\"https:\\\/\\\/buyphone.be\\\/nl\\\/produit\\\/lightning-naar-usb-kabe\\\/#primaryimage\"},\"thumbnailUrl\":\"https:\\\/\\\/buyphone.be\\\/wp-content\\\/uploads\\\/2020\\\/07\\\/C\u00e2ble-Lightning-vers-USB-1-m-1.jpg\",\"datePublished\":\"2020-07-07T22:56:19+00:00\",\"dateModified\":\"2020-07-12T14:17:00+00:00\",\"description\":\"Wij raden u aan de originele Apple Lightning to USB-kabel te kopen, die absoluut identiek is aan de kabel die met de nieuwe apparaten wordt meegeleverd.\",\"breadcrumb\":{\"@id\":\"https:\\\/\\\/buyphone.be\\\/nl\\\/produit\\\/lightning-naar-usb-kabe\\\/#breadcrumb\"},\"inLanguage\":\"nl-NL\",\"potentialAction\":[{\"@type\":\"ReadAction\",\"target\":[\"https:\\\/\\\/buyphone.be\\\/nl\\\/produit\\\/lightning-naar-usb-kabe\\\/\"]}]},{\"@type\":\"ImageObject\",\"inLanguage\":\"nl-NL\",\"@id\":\"https:\\\/\\\/buyphone.be\\\/nl\\\/produit\\\/lightning-naar-usb-kabe\\\/#primaryimage\",\"url\":\"https:\\\/\\\/buyphone.be\\\/wp-content\\\/uploads\\\/2020\\\/07\\\/C\u00e2ble-Lightning-vers-USB-1-m-1.jpg\",\"contentUrl\":\"https:\\\/\\\/buyphone.be\\\/wp-content\\\/uploads\\\/2020\\\/07\\\/C\u00e2ble-Lightning-vers-USB-1-m-1.jpg\",\"width\":1000,\"height\":1000},{\"@type\":\"BreadcrumbList\",\"@id\":\"https:\\\/\\\/buyphone.be\\\/nl\\\/produit\\\/lightning-naar-usb-kabe\\\/#breadcrumb\",\"itemListElement\":[{\"@type\":\"ListItem\",\"position\":1,\"name\":\"Accueil\",\"item\":\"https:\\\/\\\/buyphone.be\\\/nl\\\/\"},{\"@type\":\"ListItem\",\"position\":2,\"name\":\"Winkel\",\"item\":\"https:\\\/\\\/buyphone.be\\\/nl\\\/winkel\\\/\"},{\"@type\":\"ListItem\",\"position\":3,\"name\":\"Lightning naar USB kabel (1 m)\"}]},{\"@type\":\"WebSite\",\"@id\":\"https:\\\/\\\/buyphone.be\\\/nl\\\/#website\",\"url\":\"https:\\\/\\\/buyphone.be\\\/nl\\\/\",\"name\":\"buyphone\",\"description\":\"\",\"potentialAction\":[{\"@type\":\"SearchAction\",\"target\":{\"@type\":\"EntryPoint\",\"urlTemplate\":\"https:\\\/\\\/buyphone.be\\\/nl\\\/?s={search_term_string}\"},\"query-input\":{\"@type\":\"PropertyValueSpecification\",\"valueRequired\":true,\"valueName\":\"search_term_string\"}}],\"inLanguage\":\"nl-NL\"}]}<\/script>\n<!-- \/ Yoast SEO plugin. -->","yoast_head_json":{"title":"Lightning naar USB kabel (1 m) - buyphone","description":"Wij raden u aan de originele Apple Lightning to USB-kabel te kopen, die absoluut identiek is aan de kabel die met de nieuwe apparaten wordt meegeleverd.","robots":{"index":"index","follow":"follow","max-snippet":"max-snippet:-1","max-image-preview":"max-image-preview:large","max-video-preview":"max-video-preview:-1"},"canonical":"https:\/\/buyphone.be\/nl\/produit\/lightning-naar-usb-kabe\/","og_locale":"nl_NL","og_type":"article","og_title":"Lightning naar USB kabel (1 m) - buyphone","og_description":"Wij raden u aan de originele Apple Lightning to USB-kabel te kopen, die absoluut identiek is aan de kabel die met de nieuwe apparaten wordt meegeleverd.","og_url":"https:\/\/buyphone.be\/nl\/produit\/lightning-naar-usb-kabe\/","og_site_name":"buyphone","article_modified_time":"2020-07-12T14:17:00+00:00","og_image":[{"width":1000,"height":1000,"url":"https:\/\/buyphone.be\/wp-content\/uploads\/2020\/07\/C\u00e2ble-Lightning-vers-USB-1-m-1.jpg","type":"image\/jpeg"}],"twitter_card":"summary_large_image","twitter_misc":{"Geschatte leestijd":"1 minuut"},"schema":{"@context":"https:\/\/schema.org","@graph":[{"@type":"WebPage","@id":"https:\/\/buyphone.be\/nl\/produit\/lightning-naar-usb-kabe\/","url":"https:\/\/buyphone.be\/nl\/produit\/lightning-naar-usb-kabe\/","name":"Lightning naar USB kabel (1 m) - buyphone","isPartOf":{"@id":"https:\/\/buyphone.be\/nl\/#website"},"primaryImageOfPage":{"@id":"https:\/\/buyphone.be\/nl\/produit\/lightning-naar-usb-kabe\/#primaryimage"},"image":{"@id":"https:\/\/buyphone.be\/nl\/produit\/lightning-naar-usb-kabe\/#primaryimage"},"thumbnailUrl":"https:\/\/buyphone.be\/wp-content\/uploads\/2020\/07\/C\u00e2ble-Lightning-vers-USB-1-m-1.jpg","datePublished":"2020-07-07T22:56:19+00:00","dateModified":"2020-07-12T14:17:00+00:00","description":"Wij raden u aan de originele Apple Lightning to USB-kabel te kopen, die absoluut identiek is aan de kabel die met de nieuwe apparaten wordt meegeleverd.","breadcrumb":{"@id":"https:\/\/buyphone.be\/nl\/produit\/lightning-naar-usb-kabe\/#breadcrumb"},"inLanguage":"nl-NL","potentialAction":[{"@type":"ReadAction","target":["https:\/\/buyphone.be\/nl\/produit\/lightning-naar-usb-kabe\/"]}]},{"@type":"ImageObject","inLanguage":"nl-NL","@id":"https:\/\/buyphone.be\/nl\/produit\/lightning-naar-usb-kabe\/#primaryimage","url":"https:\/\/buyphone.be\/wp-content\/uploads\/2020\/07\/C\u00e2ble-Lightning-vers-USB-1-m-1.jpg","contentUrl":"https:\/\/buyphone.be\/wp-content\/uploads\/2020\/07\/C\u00e2ble-Lightning-vers-USB-1-m-1.jpg","width":1000,"height":1000},{"@type":"BreadcrumbList","@id":"https:\/\/buyphone.be\/nl\/produit\/lightning-naar-usb-kabe\/#breadcrumb","itemListElement":[{"@type":"ListItem","position":1,"name":"Accueil","item":"https:\/\/buyphone.be\/nl\/"},{"@type":"ListItem","position":2,"name":"Winkel","item":"https:\/\/buyphone.be\/nl\/winkel\/"},{"@type":"ListItem","position":3,"name":"Lightning naar USB kabel (1 m)"}]},{"@type":"WebSite","@id":"https:\/\/buyphone.be\/nl\/#website","url":"https:\/\/buyphone.be\/nl\/","name":"buyphone","description":"","potentialAction":[{"@type":"SearchAction","target":{"@type":"EntryPoint","urlTemplate":"https:\/\/buyphone.be\/nl\/?s={search_term_string}"},"query-input":{"@type":"PropertyValueSpecification","valueRequired":true,"valueName":"search_term_string"}}],"inLanguage":"nl-NL"}]}},"_links":{"self":[{"href":"https:\/\/buyphone.be\/nl\/wp-json\/wp\/v2\/product\/12976","targetHints":{"allow":["GET"]}}],"collection":[{"href":"https:\/\/buyphone.be\/nl\/wp-json\/wp\/v2\/product"}],"about":[{"href":"https:\/\/buyphone.be\/nl\/wp-json\/wp\/v2\/types\/product"}],"wp:featuredmedia":[{"embeddable":true,"href":"https:\/\/buyphone.be\/nl\/wp-json\/wp\/v2\/media\/12970"}],"wp:attachment":[{"href":"https:\/\/buyphone.be\/nl\/wp-json\/wp\/v2\/media?parent=12976"}],"wp:term":[{"taxonomy":"product_brand","embeddable":true,"href":"https:\/\/buyphone.be\/nl\/wp-json\/wp\/v2\/product_brand?post=12976"},{"taxonomy":"product_cat","embeddable":true,"href":"https:\/\/buyphone.be\/nl\/wp-json\/wp\/v2\/product_cat?post=12976"},{"taxonomy":"product_tag","embeddable":true,"href":"https:\/\/buyphone.be\/nl\/wp-json\/wp\/v2\/product_tag?post=12976"}],"curies":[{"name":"wp","href":"https:\/\/api.w.org\/{rel}","templated":true}]}}